{"id":3426,"date":"2019-10-25T08:52:52","date_gmt":"2019-10-25T08:52:52","guid":{"rendered":"https:\/\/www.marianneagoe.com\/projects\/"},"modified":"2019-10-28T11:20:02","modified_gmt":"2019-10-28T11:20:02","slug":"projects","status":"publish","type":"page","link":"https:\/\/www.marianneagoe.com\/en\/projects\/","title":{"rendered":"Projects"},"content":{"rendered":"\t\t<div data-elementor-type=\"wp-post\" data-elementor-id=\"3426\" class=\"elementor elementor-3426 elementor-306\">\n\t\t\t\t\t\t<div class=\"elementor-inner\">\n\t\t\t\t<div class=\"elementor-section-wrap\">\n\t\t\t\t\t\t\t\t\t<section class=\"elementor-section elementor-top-section elementor-element elementor-element-83ce7ba elementor-section-boxed elementor-section-height-default elementor-section-height-default sc_fly_static\" data-id=\"83ce7ba\" data-element_type=\"section\">\n\t\t\t\t\t\t<div class=\"elementor-container elementor-column-gap-extended\">\n\t\t\t\t\t\t\t<div class=\"elementor-row\">\n\t\t\t\t\t<div class=\"elementor-column elementor-col-100 elementor-top-column elementor-element elementor-element-1ddde6c sc_layouts_column_align_column sc_layouts_column_align_center sc_inner_width_none sc_content_align_inherit sc_layouts_column_icons_position_left sc_fly_static\" data-id=\"1ddde6c\" data-element_type=\"column\">\n\t\t\t<div class=\"elementor-column-wrap elementor-element-populated\">\n\t\t\t\t\t\t\t<div class=\"elementor-widget-wrap\">\n\t\t\t\t\t\t<div class=\"elementor-element elementor-element-5ad3eaa sc_height_huge sc_fly_static elementor-widget elementor-widget-spacer\" data-id=\"5ad3eaa\" data-element_type=\"widget\" data-widget_type=\"spacer.default\">\n\t\t\t\t<div class=\"elementor-widget-container\">\n\t\t\t\t\t<div class=\"elementor-spacer\">\n\t\t\t<div class=\"elementor-spacer-inner\"><\/div>\n\t\t<\/div>\n\t\t\t\t<\/div>\n\t\t\t\t<\/div>\n\t\t\t\t<div class=\"elementor-element elementor-element-a21df57 sc_fly_static elementor-widget elementor-widget-trx_sc_title\" data-id=\"a21df57\" data-element_type=\"widget\" data-widget_type=\"trx_sc_title.default\">\n\t\t\t\t<div class=\"elementor-widget-container\">\n\t\t\t<div\t\tclass=\"sc_title sc_title_default\"><h2 class=\"sc_item_title sc_title_title sc_align_center sc_item_title_style_default\"\n\t\t\t><span class=\"sc_item_title_text\">Support one of our projects<\/span><\/h2><div class=\"sc_item_descr sc_title_descr sc_align_center\"><p>Text proiecte<\/p>\n<\/div><\/div>\t\t<\/div>\n\t\t\t\t<\/div>\n\t\t\t\t<div class=\"elementor-element elementor-element-af55b4d sc_fly_static elementor-widget elementor-widget-trx_sc_blogger\" data-id=\"af55b4d\" data-element_type=\"widget\" data-widget_type=\"trx_sc_blogger.default\">\n\t\t\t\t<div class=\"elementor-widget-container\">\n\t\t\t<div \t\tclass=\"sc_blogger sc_blogger_excerpt sc_blogger_excerpt_default sc_item_filters_tabs_none alignnone\"><div class=\"sc_blogger_content sc_item_content sc_item_posts_container posts_container excerpt_wrap excerpt_2 columns_wrap columns_padding_bottom\">\t\t\t<div class=\"column-1_2\">\n\t\t\t\t\t\t<article id=\"post-285\" \n\t\t\tclass=\"post_item post_layout_excerpt post_format_standard post-285 give_forms type-give_forms status-publish hentry\"\t\t\t data-animation=\"animated fadeIn normal\"\t\t\t>\n\t\t\t\t\t\t\t<div class=\"post_header entry-header\">\n\t\t\t\t\t\t\t<div class=\"post_meta\">\n\t\t\t\t\t<\/div><!-- .post_meta -->\n\t\t<h5 class=\"post_title entry-title\"><a href=\"https:\/\/www.marianneagoe.com\/?p=285\" rel=\"bookmark\">Proiect 3<\/a><\/h5>\t\t<div class=\"post_meta\">\n\t\t\t\t\t\t\t\t\t\t<a class=\"post_meta_item post_author\" rel=\"author\" href=\"https:\/\/www.marianneagoe.com\/en\/author\/admin\/\">\n\t\t\t\t\t\t\t\t\t\t\t\t\t\t\t\t\t<span class=\"post_author_avatar\">\n\t\t\t\t\t\t\t\t\t\t<img alt='' src='https:\/\/secure.gravatar.com\/avatar\/e940ccc530c5e82259919e2f3d8db975?s=32&#038;d=mm&#038;r=g' srcset='https:\/\/secure.gravatar.com\/avatar\/e940ccc530c5e82259919e2f3d8db975?s=64&#038;d=mm&#038;r=g 2x' class='avatar avatar-32 photo' height='32' width='32' loading='lazy'\/>\t\t\t\t\t\t\t\t\t<\/span>\n\t\t\t\t\t\t\t\t\t\t\t\t\t\t\t\t\t<span class=\"post_author_name\">\n\n\t\t\t\t\t\t\t\t\tby admin\t\t\t\t\t\t\t\t<\/span>\n\t\t\t\t\t\t\t<\/a>\n\t\t\t\t\t\t\t\t\t<\/div><!-- .post_meta -->\n\t\t\t\t\t\t<\/div><!-- .post_header -->\n\t\t\t\t\t\t\t\t<div class=\"post_content entry-content\">\n\t\t\t\t\t\t\t\t\t\t\t<div class=\"post_content_inner\">\n\t\t\t\t\t\t\t<p>Text proiect 3<\/p>\n\t\t\t\t\t\t<\/div>\n\t\t\t\t\t\t\t\t\t\t\t\t\t<p><a class=\"more-link\" href=\"https:\/\/www.marianneagoe.com\/?p=285\">\n\t\t\t\t\t\t\t\tdonate now<\/a><\/p>\t\t\t\t\t\t<\/div><!-- .entry-content -->\n\t\t\t\t\t\t\t\t\t\t<\/article>\n\t\t\t\t\t\t\t\t\t<\/div>\n\t\t\t\t\t\t\t\t<div class=\"column-1_2\">\n\t\t\t\t\t\t<article id=\"post-282\" \n\t\t\tclass=\"post_item post_layout_excerpt post_format_standard post-282 give_forms type-give_forms status-publish hentry\"\t\t\t data-animation=\"animated fadeIn normal\"\t\t\t>\n\t\t\t\t\t\t\t<div class=\"post_header entry-header\">\n\t\t\t\t\t\t\t<div class=\"post_meta\">\n\t\t\t\t\t<\/div><!-- .post_meta -->\n\t\t<h5 class=\"post_title entry-title\"><a href=\"https:\/\/www.marianneagoe.com\/?p=282\" rel=\"bookmark\">Proiect 2<\/a><\/h5>\t\t<div class=\"post_meta\">\n\t\t\t\t\t\t\t\t\t\t<a class=\"post_meta_item post_author\" rel=\"author\" href=\"https:\/\/www.marianneagoe.com\/en\/author\/admin\/\">\n\t\t\t\t\t\t\t\t\t\t\t\t\t\t\t\t\t<span class=\"post_author_avatar\">\n\t\t\t\t\t\t\t\t\t\t<img alt='' src='https:\/\/secure.gravatar.com\/avatar\/e940ccc530c5e82259919e2f3d8db975?s=32&#038;d=mm&#038;r=g' srcset='https:\/\/secure.gravatar.com\/avatar\/e940ccc530c5e82259919e2f3d8db975?s=64&#038;d=mm&#038;r=g 2x' class='avatar avatar-32 photo' height='32' width='32' loading='lazy'\/>\t\t\t\t\t\t\t\t\t<\/span>\n\t\t\t\t\t\t\t\t\t\t\t\t\t\t\t\t\t<span class=\"post_author_name\">\n\n\t\t\t\t\t\t\t\t\tby admin\t\t\t\t\t\t\t\t<\/span>\n\t\t\t\t\t\t\t<\/a>\n\t\t\t\t\t\t\t\t\t<\/div><!-- .post_meta -->\n\t\t\t\t\t\t<\/div><!-- .post_header -->\n\t\t\t\t\t\t\t\t<div class=\"post_content entry-content\">\n\t\t\t\t\t\t\t\t\t\t\t<div class=\"post_content_inner\">\n\t\t\t\t\t\t\t<p>Ut wisi enim ad minim veniam, quis nostrud exerci tation ullamcorper suscipit lobortis nisl ut aliquip ex ea com modo consequat. Duis autem vel eum iriure.<\/p>\n\t\t\t\t\t\t<\/div>\n\t\t\t\t\t\t\t\t\t\t\t\t\t<p><a class=\"more-link\" href=\"https:\/\/www.marianneagoe.com\/?p=282\">\n\t\t\t\t\t\t\t\tdonate now<\/a><\/p>\t\t\t\t\t\t<\/div><!-- .entry-content -->\n\t\t\t\t\t\t\t\t\t\t<\/article>\n\t\t\t\t\t\t\t\t\t<\/div>\n\t\t\t\t\t\t\t\t<div class=\"column-1_2\">\n\t\t\t\t\t\t<article id=\"post-346\" \n\t\t\tclass=\"post_item post_layout_excerpt post_format_standard post-346 give_forms type-give_forms status-publish hentry\"\t\t\t data-animation=\"animated fadeIn normal\"\t\t\t>\n\t\t\t\t\t\t\t<div class=\"post_header entry-header\">\n\t\t\t\t\t\t\t<div class=\"post_meta\">\n\t\t\t\t\t<\/div><!-- .post_meta -->\n\t\t<h5 class=\"post_title entry-title\"><a href=\"https:\/\/www.marianneagoe.com\/?p=346\" rel=\"bookmark\">Rotary Planteaza<\/a><\/h5>\t\t<div class=\"post_meta\">\n\t\t\t\t\t\t\t\t\t\t<a class=\"post_meta_item post_author\" rel=\"author\" href=\"https:\/\/www.marianneagoe.com\/en\/author\/admin\/\">\n\t\t\t\t\t\t\t\t\t\t\t\t\t\t\t\t\t<span class=\"post_author_avatar\">\n\t\t\t\t\t\t\t\t\t\t<img alt='' src='https:\/\/secure.gravatar.com\/avatar\/e940ccc530c5e82259919e2f3d8db975?s=32&#038;d=mm&#038;r=g' srcset='https:\/\/secure.gravatar.com\/avatar\/e940ccc530c5e82259919e2f3d8db975?s=64&#038;d=mm&#038;r=g 2x' class='avatar avatar-32 photo' height='32' width='32' loading='lazy'\/>\t\t\t\t\t\t\t\t\t<\/span>\n\t\t\t\t\t\t\t\t\t\t\t\t\t\t\t\t\t<span class=\"post_author_name\">\n\n\t\t\t\t\t\t\t\t\tby admin\t\t\t\t\t\t\t\t<\/span>\n\t\t\t\t\t\t\t<\/a>\n\t\t\t\t\t\t\t\t\t<\/div><!-- .post_meta -->\n\t\t\t\t\t\t<\/div><!-- .post_header -->\n\t\t\t\t\t\t\t\t<div class=\"post_content entry-content\">\n\t\t\t\t\t\t\t\t\t\t\t<div class=\"post_content_inner\">\n\t\t\t\t\t\t\t<p>Misiunea noastr\u0103 este s\u0103 implic\u0103m opinia public\u0103, societatea civil\u0103, autorit\u0103\u0163ile, mass-media, sponsorii \u015fi alte organiza\u0163ii de voluntariat, \u00een protejarea \u015fi cre\u015fterea de p\u0103duri.<\/p>\n\t\t\t\t\t\t<\/div>\n\t\t\t\t\t\t\t\t\t\t\t\t\t<p><a class=\"more-link\" href=\"https:\/\/www.marianneagoe.com\/?p=346\">\n\t\t\t\t\t\t\t\tdonate now<\/a><\/p>\t\t\t\t\t\t<\/div><!-- .entry-content -->\n\t\t\t\t\t\t\t\t\t\t<\/article>\n\t\t\t\t\t\t\t\t\t<\/div>\n\t\t\t\t\t<\/div><\/div>\t\t<\/div>\n\t\t\t\t<\/div>\n\t\t\t\t<div class=\"elementor-element elementor-element-3aa1450 sc_fly_static elementor-widget elementor-widget-spacer\" data-id=\"3aa1450\" data-element_type=\"widget\" data-widget_type=\"spacer.default\">\n\t\t\t\t<div class=\"elementor-widget-container\">\n\t\t\t\t\t<div class=\"elementor-spacer\">\n\t\t\t<div class=\"elementor-spacer-inner\"><\/div>\n\t\t<\/div>\n\t\t\t\t<\/div>\n\t\t\t\t<\/div>\n\t\t\t\t\t\t<\/div>\n\t\t\t\t\t<\/div>\n\t\t<\/div>\n\t\t\t\t\t\t\t\t<\/div>\n\t\t\t\t\t<\/div>\n\t\t<\/section>\n\t\t\t\t<section class=\"elementor-section elementor-top-section elementor-element elementor-element-104c4fe7 elementor-section-stretched elementor-section-boxed elementor-section-height-default elementor-section-height-default sc_fly_static\" data-id=\"104c4fe7\" data-element_type=\"section\" data-settings=\"{&quot;stretch_section&quot;:&quot;section-stretched&quot;,&quot;background_background&quot;:&quot;classic&quot;}\">\n\t\t\t\t\t\t\t<div class=\"elementor-background-overlay\"><\/div>\n\t\t\t\t\t\t\t<div class=\"elementor-container elementor-column-gap-extended\">\n\t\t\t\t\t\t\t<div class=\"elementor-row\">\n\t\t\t\t\t<div class=\"elementor-column elementor-col-50 elementor-top-column elementor-element elementor-element-6ad6a3be sc_inner_width_none sc_content_align_inherit sc_layouts_column_icons_position_left sc_fly_static\" data-id=\"6ad6a3be\" data-element_type=\"column\">\n\t\t\t<div class=\"elementor-column-wrap elementor-element-populated\">\n\t\t\t\t\t\t\t<div class=\"elementor-widget-wrap\">\n\t\t\t\t\t\t<div class=\"elementor-element elementor-element-29a4c8a1 sc_fly_static elementor-widget elementor-widget-spacer\" data-id=\"29a4c8a1\" data-element_type=\"widget\" data-widget_type=\"spacer.default\">\n\t\t\t\t<div class=\"elementor-widget-container\">\n\t\t\t\t\t<div class=\"elementor-spacer\">\n\t\t\t<div class=\"elementor-spacer-inner\"><\/div>\n\t\t<\/div>\n\t\t\t\t<\/div>\n\t\t\t\t<\/div>\n\t\t\t\t<div class=\"elementor-element elementor-element-22c614ed scheme_dark sc_fly_static elementor-widget elementor-widget-trx_sc_title\" data-id=\"22c614ed\" data-element_type=\"widget\" data-widget_type=\"trx_sc_title.default\">\n\t\t\t\t<div class=\"elementor-widget-container\">\n\t\t\t<div\t\tclass=\"sc_title scheme_dark sc_title_default\"><span class=\"sc_item_subtitle sc_title_subtitle sc_item_subtitle_above sc_item_title_style_default\">Together we make the difference<\/span><h1 class=\"sc_item_title sc_title_title sc_item_title_style_default sc_item_title_tag\"\n\t\t\t><span class=\"sc_item_title_text\">Join the largest family<\/span><\/h1><\/div>\t\t<\/div>\n\t\t\t\t<\/div>\n\t\t\t\t<div class=\"elementor-element elementor-element-21430c4d sc_fly_static elementor-widget elementor-widget-spacer\" data-id=\"21430c4d\" data-element_type=\"widget\" data-widget_type=\"spacer.default\">\n\t\t\t\t<div class=\"elementor-widget-container\">\n\t\t\t\t\t<div class=\"elementor-spacer\">\n\t\t\t<div class=\"elementor-spacer-inner\"><\/div>\n\t\t<\/div>\n\t\t\t\t<\/div>\n\t\t\t\t<\/div>\n\t\t\t\t<div class=\"elementor-element elementor-element-6cea6503 sc_fly_static elementor-widget elementor-widget-trx_sc_button\" data-id=\"6cea6503\" data-element_type=\"widget\" data-widget_type=\"trx_sc_button.default\">\n\t\t\t\t<div class=\"elementor-widget-container\">\n\t\t\t<div\tclass=\"sc_item_button sc_button_wrap\"><a href=\"\/devino-rotarian\/\" class=\"sc_button sc_button_default sc_button_size_normal sc_button_icon_right\"><span class=\"sc_button_text\"><span class=\"sc_button_title\">become rotarian<\/span><\/span><\/a><\/div>\t\t<\/div>\n\t\t\t\t<\/div>\n\t\t\t\t<div class=\"elementor-element elementor-element-3a8115cb sc_fly_static elementor-widget elementor-widget-spacer\" data-id=\"3a8115cb\" data-element_type=\"widget\" data-widget_type=\"spacer.default\">\n\t\t\t\t<div class=\"elementor-widget-container\">\n\t\t\t\t\t<div class=\"elementor-spacer\">\n\t\t\t<div class=\"elementor-spacer-inner\"><\/div>\n\t\t<\/div>\n\t\t\t\t<\/div>\n\t\t\t\t<\/div>\n\t\t\t\t\t\t<\/div>\n\t\t\t\t\t<\/div>\n\t\t<\/div>\n\t\t\t\t<div class=\"elementor-column elementor-col-50 elementor-top-column elementor-element elementor-element-4f5c9853 sc_inner_width_none sc_content_align_inherit sc_layouts_column_icons_position_left sc_fly_static\" data-id=\"4f5c9853\" data-element_type=\"column\">\n\t\t\t<div class=\"elementor-column-wrap\">\n\t\t\t\t\t\t\t<div class=\"elementor-widget-wrap\">\n\t\t\t\t\t\t\t\t<\/div>\n\t\t\t\t\t<\/div>\n\t\t<\/div>\n\t\t\t\t\t\t\t\t<\/div>\n\t\t\t\t\t<\/div>\n\t\t<\/section>\n\t\t\t\t\t\t\t\t\t<\/div>\n\t\t\t<\/div>\n\t\t\t\t\t<\/div>\n\t\t","protected":false},"excerpt":{"rendered":"<p>Support one of our projects Text proiecte Together we make the difference Join&hellip;<\/p>\n","protected":false},"author":1,"featured_media":0,"parent":0,"menu_order":0,"comment_status":"closed","ping_status":"closed","template":"","meta":[],"_links":{"self":[{"href":"https:\/\/www.marianneagoe.com\/en\/wp-json\/wp\/v2\/pages\/3426"}],"collection":[{"href":"https:\/\/www.marianneagoe.com\/en\/wp-json\/wp\/v2\/pages"}],"about":[{"href":"https:\/\/www.marianneagoe.com\/en\/wp-json\/wp\/v2\/types\/page"}],"author":[{"embeddable":true,"href":"https:\/\/www.marianneagoe.com\/en\/wp-json\/wp\/v2\/users\/1"}],"replies":[{"embeddable":true,"href":"https:\/\/www.marianneagoe.com\/en\/wp-json\/wp\/v2\/comments?post=3426"}],"version-history":[{"count":3,"href":"https:\/\/www.marianneagoe.com\/en\/wp-json\/wp\/v2\/pages\/3426\/revisions"}],"predecessor-version":[{"id":3508,"href":"https:\/\/www.marianneagoe.com\/en\/wp-json\/wp\/v2\/pages\/3426\/revisions\/3508"}],"wp:attachment":[{"href":"https:\/\/www.marianneagoe.com\/en\/wp-json\/wp\/v2\/media?parent=3426"}],"curies":[{"name":"wp","href":"https:\/\/api.w.org\/{rel}","templated":true}]}}